{"id":527,"date":"2022-03-14T10:44:27","date_gmt":"2022-03-14T15:44:27","guid":{"rendered":"http:\/\/virtual.monedaperu.com\/?page_id=527"},"modified":"2022-09-06T16:53:51","modified_gmt":"2022-09-06T21:53:51","slug":"somos-recios","status":"publish","type":"page","link":"https:\/\/sierrasungroup.com\/en\/somos-recios\/","title":{"rendered":"Somos Recios"},"content":{"rendered":"<div data-elementor-type=\"wp-page\" data-elementor-id=\"527\" class=\"elementor elementor-527\" data-elementor-post-type=\"page\">\n\t\t\t\t\t\t<section data-particle_enable=\"false\" data-particle-mobile-disabled=\"false\" class=\"elementor-section elementor-top-section elementor-element elementor-element-73313ff elementor-section-full_width elementor-section-height-default elementor-section-height-default\" data-id=\"73313ff\" data-element_type=\"section\" data-e-type=\"section\">\n\t\t\t\t\t\t<div class=\"elementor-container elementor-column-gap-default\">\n\t\t\t\t\t<div class=\"elementor-column elementor-col-100 elementor-top-column elementor-element elementor-element-921ec2a\" data-id=\"921ec2a\" data-element_type=\"column\" data-e-type=\"column\">\n\t\t\t<div class=\"elementor-widget-wrap elementor-element-populated\">\n\t\t\t\t\t\t<div class=\"elementor-element elementor-element-cb4fd43 elementor-widget elementor-widget-image\" data-id=\"cb4fd43\" data-element_type=\"widget\" data-e-type=\"widget\" data-widget_type=\"image.default\">\n\t\t\t\t<div class=\"elementor-widget-container\">\n\t\t\t\t\t\t\t\t\t\t\t\t\t\t\t<img fetchpriority=\"high\" decoding=\"async\" width=\"2160\" height=\"1395\" src=\"https:\/\/sierrasungroup.com\/wp-content\/uploads\/2022\/03\/Seccion-6.png\" class=\"attachment-full size-full wp-image-761\" alt=\"\" srcset=\"https:\/\/sierrasungroup.com\/wp-content\/uploads\/2022\/03\/Seccion-6.png 2160w, https:\/\/sierrasungroup.com\/wp-content\/uploads\/2022\/03\/Seccion-6-300x194.png 300w, https:\/\/sierrasungroup.com\/wp-content\/uploads\/2022\/03\/Seccion-6-1024x661.png 1024w, https:\/\/sierrasungroup.com\/wp-content\/uploads\/2022\/03\/Seccion-6-768x496.png 768w, https:\/\/sierrasungroup.com\/wp-content\/uploads\/2022\/03\/Seccion-6-1536x992.png 1536w, https:\/\/sierrasungroup.com\/wp-content\/uploads\/2022\/03\/Seccion-6-2048x1323.png 2048w\" sizes=\"(max-width: 2160px) 100vw, 2160px\" \/>\t\t\t\t\t\t\t\t\t\t\t\t\t\t\t<\/div>\n\t\t\t\t<\/div>\n\t\t\t\t\t<\/div>\n\t\t<\/div>\n\t\t\t\t\t<\/div>\n\t\t<\/section>\n\t\t\t\t<section data-particle_enable=\"false\" data-particle-mobile-disabled=\"false\" class=\"elementor-section elementor-top-section elementor-element elementor-element-924929f elementor-section-full_width elementor-section-height-default elementor-section-height-default\" data-id=\"924929f\" data-element_type=\"section\" data-e-type=\"section\">\n\t\t\t\t\t\t<div class=\"elementor-container elementor-column-gap-default\">\n\t\t\t\t\t<div class=\"elementor-column elementor-col-33 elementor-top-column elementor-element elementor-element-77e22b6\" data-id=\"77e22b6\" data-element_type=\"column\" data-e-type=\"column\">\n\t\t\t<div class=\"elementor-widget-wrap elementor-element-populated\">\n\t\t\t\t\t\t<div class=\"elementor-element elementor-element-e4ea3a2 elementor-widget elementor-widget-image\" data-id=\"e4ea3a2\" data-element_type=\"widget\" data-e-type=\"widget\" data-widget_type=\"image.default\">\n\t\t\t\t<div class=\"elementor-widget-container\">\n\t\t\t\t\t\t\t\t\t\t\t\t\t\t\t<img decoding=\"async\" width=\"320\" height=\"746\" src=\"https:\/\/sierrasungroup.com\/wp-content\/uploads\/2022\/03\/Mujer.svg\" class=\"attachment-full size-full wp-image-44\" alt=\"\" \/>\t\t\t\t\t\t\t\t\t\t\t\t\t\t\t<\/div>\n\t\t\t\t<\/div>\n\t\t\t\t\t<\/div>\n\t\t<\/div>\n\t\t\t\t<div class=\"elementor-column elementor-col-33 elementor-top-column elementor-element elementor-element-847760c\" data-id=\"847760c\" data-element_type=\"column\" data-e-type=\"column\">\n\t\t\t<div class=\"elementor-widget-wrap elementor-element-populated\">\n\t\t\t\t\t\t<section data-particle_enable=\"false\" data-particle-mobile-disabled=\"false\" class=\"elementor-section elementor-inner-section elementor-element elementor-element-94338d6 elementor-section-boxed elementor-section-height-default elementor-section-height-default\" data-id=\"94338d6\" data-element_type=\"section\" data-e-type=\"section\">\n\t\t\t\t\t\t<div class=\"elementor-container elementor-column-gap-default\">\n\t\t\t\t\t<div class=\"elementor-column elementor-col-100 elementor-inner-column elementor-element elementor-element-645e9d1\" data-id=\"645e9d1\" data-element_type=\"column\" data-e-type=\"column\">\n\t\t\t<div class=\"elementor-widget-wrap elementor-element-populated\">\n\t\t\t\t\t\t<div class=\"elementor-element elementor-element-795a3f8 elementor-widget elementor-widget-heading\" data-id=\"795a3f8\" data-element_type=\"widget\" data-e-type=\"widget\" data-widget_type=\"heading.default\">\n\t\t\t\t<div class=\"elementor-widget-container\">\n\t\t\t\t\t<h2 class=\"elementor-heading-title elementor-size-default\">WE ARE<\/h2>\t\t\t\t<\/div>\n\t\t\t\t<\/div>\n\t\t\t\t<div class=\"elementor-element elementor-element-256135b elementor-widget elementor-widget-heading\" data-id=\"256135b\" data-element_type=\"widget\" data-e-type=\"widget\" data-widget_type=\"heading.default\">\n\t\t\t\t<div class=\"elementor-widget-container\">\n\t\t\t\t\t<h2 class=\"elementor-heading-title elementor-size-default\">RECIOS<\/h2>\t\t\t\t<\/div>\n\t\t\t\t<\/div>\n\t\t\t\t\t<\/div>\n\t\t<\/div>\n\t\t\t\t\t<\/div>\n\t\t<\/section>\n\t\t\t\t<section data-particle_enable=\"false\" data-particle-mobile-disabled=\"false\" class=\"elementor-section elementor-inner-section elementor-element elementor-element-accd28d elementor-section-boxed elementor-section-height-default elementor-section-height-default\" data-id=\"accd28d\" data-element_type=\"section\" data-e-type=\"section\">\n\t\t\t\t\t\t<div class=\"elementor-container elementor-column-gap-default\">\n\t\t\t\t\t<div class=\"elementor-column elementor-col-100 elementor-inner-column elementor-element elementor-element-c4be699\" data-id=\"c4be699\" data-element_type=\"column\" data-e-type=\"column\" data-settings=\"{&quot;background_background&quot;:&quot;classic&quot;}\">\n\t\t\t<div class=\"elementor-widget-wrap elementor-element-populated\">\n\t\t\t\t\t\t<div class=\"elementor-element elementor-element-fa9ab2b elementor-widget elementor-widget-text-editor\" data-id=\"fa9ab2b\" data-element_type=\"widget\" data-e-type=\"widget\" data-widget_type=\"text-editor.default\">\n\t\t\t\t<div class=\"elementor-widget-container\">\n\t\t\t\t\t\t\t\t\t<p>Our corporate identity is summed up in one concept: WE ARE STRONG. And this derives from the acrostic formed by our business values: Respectful, Empathetic, Committed, Innovative and Passionate.<\/p>\t\t\t\t\t\t\t\t<\/div>\n\t\t\t\t<\/div>\n\t\t\t\t\t<\/div>\n\t\t<\/div>\n\t\t\t\t\t<\/div>\n\t\t<\/section>\n\t\t\t\t<section data-particle_enable=\"false\" data-particle-mobile-disabled=\"false\" class=\"elementor-section elementor-inner-section elementor-element elementor-element-858b509 elementor-section-boxed elementor-section-height-default elementor-section-height-default\" data-id=\"858b509\" data-element_type=\"section\" data-e-type=\"section\">\n\t\t\t\t\t\t<div class=\"elementor-container elementor-column-gap-default\">\n\t\t\t\t\t<div class=\"elementor-column elementor-col-100 elementor-inner-column elementor-element elementor-element-01b5fcb\" data-id=\"01b5fcb\" data-element_type=\"column\" data-e-type=\"column\" data-settings=\"{&quot;background_background&quot;:&quot;classic&quot;}\">\n\t\t\t<div class=\"elementor-widget-wrap elementor-element-populated\">\n\t\t\t\t\t\t<div class=\"elementor-element elementor-element-ae0b085 elementor-widget elementor-widget-text-editor\" data-id=\"ae0b085\" data-element_type=\"widget\" data-e-type=\"widget\" data-widget_type=\"text-editor.default\">\n\t\t\t\t<div class=\"elementor-widget-container\">\n\t\t\t\t\t\t\t\t\t<p>Y esto nos ha permitido construir una indentidad propia que no solo deriva de nuestros principios sino que emana de nuestra gente. Somos luchadores, resilientes, nos enfretamos a las adversidades y retos y los superamos con entereza y valent\u00eda y esto no solo lo aplicamos en nuestras labores diarias sino en nuestro entorno familiar y personal. Nuestras RECIAS y RECIOS lo demuestran en cada momento y eso nos hace especiales y diferentes. Estamos orgullosos de quienes somos y lo que logramos d\u00eda a d\u00eda y buscamos transmitirlo a trav\u00e9s de ejemplo.<\/p>\t\t\t\t\t\t\t\t<\/div>\n\t\t\t\t<\/div>\n\t\t\t\t\t<\/div>\n\t\t<\/div>\n\t\t\t\t\t<\/div>\n\t\t<\/section>\n\t\t\t\t<div class=\"elementor-element elementor-element-daac843 elementor-align-center elementor-widget elementor-widget-button\" data-id=\"daac843\" data-element_type=\"widget\" data-e-type=\"widget\" data-widget_type=\"button.default\">\n\t\t\t\t<div class=\"elementor-widget-container\">\n\t\t\t\t\t\t\t\t\t<div class=\"elementor-button-wrapper\">\n\t\t\t\t\t<a class=\"elementor-button elementor-button-link elementor-size-sm\" href=\"https:\/\/sierrasungroup.com\/en\/los-recios-materiales\/\">\n\t\t\t\t\t\t<span class=\"elementor-button-content-wrapper\">\n\t\t\t\t\t\t<span class=\"elementor-button-icon\">\n\t\t\t\t<i aria-hidden=\"true\" class=\"fas fa-mouse-pointer\"><\/i>\t\t\t<\/span>\n\t\t\t\t\t\t\t\t\t<span class=\"elementor-button-text\">The Rugged - Materials<\/span>\n\t\t\t\t\t<\/span>\n\t\t\t\t\t<\/a>\n\t\t\t\t<\/div>\n\t\t\t\t\t\t\t\t<\/div>\n\t\t\t\t<\/div>\n\t\t\t\t\t<\/div>\n\t\t<\/div>\n\t\t\t\t<div class=\"elementor-column elementor-col-33 elementor-top-column elementor-element elementor-element-595c055\" data-id=\"595c055\" data-element_type=\"column\" data-e-type=\"column\">\n\t\t\t<div class=\"elementor-widget-wrap elementor-element-populated\">\n\t\t\t\t\t\t<div class=\"elementor-element elementor-element-c6d667a elementor-widget elementor-widget-image\" data-id=\"c6d667a\" data-element_type=\"widget\" data-e-type=\"widget\" data-widget_type=\"image.default\">\n\t\t\t\t<div class=\"elementor-widget-container\">\n\t\t\t\t\t\t\t\t\t\t\t\t\t\t\t<img decoding=\"async\" width=\"322\" height=\"746\" src=\"https:\/\/sierrasungroup.com\/wp-content\/uploads\/2022\/03\/Hombre.svg\" class=\"attachment-full size-full wp-image-75\" alt=\"\" \/>\t\t\t\t\t\t\t\t\t\t\t\t\t\t\t<\/div>\n\t\t\t\t<\/div>\n\t\t\t\t\t<\/div>\n\t\t<\/div>\n\t\t\t\t\t<\/div>\n\t\t<\/section>\n\t\t\t\t<section data-particle_enable=\"false\" data-particle-mobile-disabled=\"false\" class=\"elementor-section elementor-top-section elementor-element elementor-element-2e791243 elementor-section-boxed elementor-section-height-default elementor-section-height-default\" data-id=\"2e791243\" data-element_type=\"section\" data-e-type=\"section\">\n\t\t\t\t\t\t<div class=\"elementor-container elementor-column-gap-default\">\n\t\t\t\t\t<div class=\"elementor-column elementor-col-100 elementor-top-column elementor-element elementor-element-52a3daa0\" data-id=\"52a3daa0\" data-element_type=\"column\" data-e-type=\"column\">\n\t\t\t<div class=\"elementor-widget-wrap elementor-element-populated\">\n\t\t\t\t\t\t<div class=\"elementor-element elementor-element-c255303 elementor-widget elementor-widget-image-carousel\" data-id=\"c255303\" data-element_type=\"widget\" data-e-type=\"widget\" data-settings=\"{&quot;navigation&quot;:&quot;none&quot;,&quot;autoplay_speed&quot;:3000,&quot;image_spacing_custom&quot;:{&quot;unit&quot;:&quot;px&quot;,&quot;size&quot;:19,&quot;sizes&quot;:[]},&quot;autoplay&quot;:&quot;yes&quot;,&quot;pause_on_hover&quot;:&quot;yes&quot;,&quot;pause_on_interaction&quot;:&quot;yes&quot;,&quot;infinite&quot;:&quot;yes&quot;,&quot;speed&quot;:500,&quot;image_spacing_custom_tablet&quot;:{&quot;unit&quot;:&quot;px&quot;,&quot;size&quot;:&quot;&quot;,&quot;sizes&quot;:[]},&quot;image_spacing_custom_mobile&quot;:{&quot;unit&quot;:&quot;px&quot;,&quot;size&quot;:&quot;&quot;,&quot;sizes&quot;:[]}}\" data-widget_type=\"image-carousel.default\">\n\t\t\t\t<div class=\"elementor-widget-container\">\n\t\t\t\t\t\t\t<div class=\"elementor-image-carousel-wrapper swiper\" role=\"region\" aria-roledescription=\"carousel\" aria-label=\"Image Carousel\" dir=\"ltr\">\n\t\t\t<div class=\"elementor-image-carousel swiper-wrapper\" aria-live=\"off\">\n\t\t\t\t\t\t\t\t<div class=\"swiper-slide\" role=\"group\" aria-roledescription=\"slide\" aria-label=\"1 of 6\"><a data-elementor-open-lightbox=\"yes\" data-elementor-lightbox-slideshow=\"c255303\" data-elementor-lightbox-title=\"mision\" data-e-action-hash=\"#elementor-action%3Aaction%3Dlightbox%26settings%3DeyJpZCI6MTAwOSwidXJsIjoiaHR0cHM6XC9cL3NpZXJyYXN1bmdyb3VwLmNvbVwvd3AtY29udGVudFwvdXBsb2Fkc1wvMjAyMlwvMDNcL21pc2lvbi5wbmciLCJzbGlkZXNob3ciOiJjMjU1MzAzIn0%3D\" href=\"https:\/\/sierrasungroup.com\/en\/mision-y-vision,https:\/\/sierrasungroup.com\/nuestros-valores-2,https:\/\/sierrasungroup.com\/somos-recios,https:\/\/sierrasungroup.com\/unidad-antapite,https:\/\/sierrasungroup.com\/unidad-sumaq-rumi,https:\/\/sierrasungroup.com\/unidad-sierra-dore\/\"><figure class=\"swiper-slide-inner\"><img decoding=\"async\" class=\"swiper-slide-image\" src=\"https:\/\/sierrasungroup.com\/wp-content\/uploads\/2022\/08\/Proposito-Mision-y-Vision.png\" alt=\"mision\" \/><\/figure><\/a><\/div><div class=\"swiper-slide\" role=\"group\" aria-roledescription=\"slide\" aria-label=\"2 of 6\"><a data-elementor-open-lightbox=\"yes\" data-elementor-lightbox-slideshow=\"c255303\" data-elementor-lightbox-title=\"valores\" data-e-action-hash=\"#elementor-action%3Aaction%3Dlightbox%26settings%3DeyJpZCI6MTAxMCwidXJsIjoiaHR0cHM6XC9cL3NpZXJyYXN1bmdyb3VwLmNvbVwvd3AtY29udGVudFwvdXBsb2Fkc1wvMjAyMlwvMDNcL3ZhbG9yZXMucG5nIiwic2xpZGVzaG93IjoiYzI1NTMwMyJ9\" href=\"https:\/\/sierrasungroup.com\/en\/mision-y-vision,https:\/\/sierrasungroup.com\/nuestros-valores-2,https:\/\/sierrasungroup.com\/somos-recios,https:\/\/sierrasungroup.com\/unidad-antapite,https:\/\/sierrasungroup.com\/unidad-sumaq-rumi,https:\/\/sierrasungroup.com\/unidad-sierra-dore\/\"><figure class=\"swiper-slide-inner\"><img decoding=\"async\" class=\"swiper-slide-image\" src=\"https:\/\/sierrasungroup.com\/wp-content\/uploads\/2022\/08\/Nuestros-Valores.png\" alt=\"valores\" \/><\/figure><\/a><\/div><div class=\"swiper-slide\" role=\"group\" aria-roledescription=\"slide\" aria-label=\"3 of 6\"><a data-elementor-open-lightbox=\"yes\" data-elementor-lightbox-slideshow=\"c255303\" data-elementor-lightbox-title=\"recios\" data-e-action-hash=\"#elementor-action%3Aaction%3Dlightbox%26settings%3DeyJpZCI6MTAxMSwidXJsIjoiaHR0cHM6XC9cL3NpZXJyYXN1bmdyb3VwLmNvbVwvd3AtY29udGVudFwvdXBsb2Fkc1wvMjAyMlwvMDNcL3JlY2lvcy5wbmciLCJzbGlkZXNob3ciOiJjMjU1MzAzIn0%3D\" href=\"https:\/\/sierrasungroup.com\/en\/mision-y-vision,https:\/\/sierrasungroup.com\/nuestros-valores-2,https:\/\/sierrasungroup.com\/somos-recios,https:\/\/sierrasungroup.com\/unidad-antapite,https:\/\/sierrasungroup.com\/unidad-sumaq-rumi,https:\/\/sierrasungroup.com\/unidad-sierra-dore\/\"><figure class=\"swiper-slide-inner\"><img decoding=\"async\" class=\"swiper-slide-image\" src=\"https:\/\/sierrasungroup.com\/wp-content\/uploads\/2022\/08\/\u00bfPor-que-somos-Recios_.png\" alt=\"recios\" \/><\/figure><\/a><\/div><div class=\"swiper-slide\" role=\"group\" aria-roledescription=\"slide\" aria-label=\"4 of 6\"><a data-elementor-open-lightbox=\"yes\" data-elementor-lightbox-slideshow=\"c255303\" data-elementor-lightbox-title=\"numero 4\" data-e-action-hash=\"#elementor-action%3Aaction%3Dlightbox%26settings%3DeyJpZCI6MTAxMiwidXJsIjoiaHR0cHM6XC9cL3NpZXJyYXN1bmdyb3VwLmNvbVwvd3AtY29udGVudFwvdXBsb2Fkc1wvMjAyMlwvMDNcL251bWVyby00LnBuZyIsInNsaWRlc2hvdyI6ImMyNTUzMDMifQ%3D%3D\" href=\"https:\/\/sierrasungroup.com\/en\/mision-y-vision,https:\/\/sierrasungroup.com\/nuestros-valores-2,https:\/\/sierrasungroup.com\/somos-recios,https:\/\/sierrasungroup.com\/unidad-antapite,https:\/\/sierrasungroup.com\/unidad-sumaq-rumi,https:\/\/sierrasungroup.com\/unidad-sierra-dore\/\"><figure class=\"swiper-slide-inner\"><img decoding=\"async\" class=\"swiper-slide-image\" src=\"https:\/\/sierrasungroup.com\/wp-content\/uploads\/2022\/08\/Unidad-Antapite.png\" alt=\"numero 4\" \/><\/figure><\/a><\/div><div class=\"swiper-slide\" role=\"group\" aria-roledescription=\"slide\" aria-label=\"5 of 6\"><a data-elementor-open-lightbox=\"yes\" data-elementor-lightbox-slideshow=\"c255303\" data-elementor-lightbox-title=\"Unidad Sierra Sumaq\" data-e-action-hash=\"#elementor-action%3Aaction%3Dlightbox%26settings%3DeyJpZCI6MTY5NywidXJsIjoiaHR0cHM6XC9cL3NpZXJyYXN1bmdyb3VwLmNvbVwvd3AtY29udGVudFwvdXBsb2Fkc1wvMjAyMlwvMDRcL1VuaWRhZC1TaWVycmEtU3VtYXEucG5nIiwic2xpZGVzaG93IjoiYzI1NTMwMyJ9\" href=\"https:\/\/sierrasungroup.com\/en\/mision-y-vision,https:\/\/sierrasungroup.com\/nuestros-valores-2,https:\/\/sierrasungroup.com\/somos-recios,https:\/\/sierrasungroup.com\/unidad-antapite,https:\/\/sierrasungroup.com\/unidad-sumaq-rumi,https:\/\/sierrasungroup.com\/unidad-sierra-dore\/\"><figure class=\"swiper-slide-inner\"><img decoding=\"async\" class=\"swiper-slide-image\" src=\"https:\/\/sierrasungroup.com\/wp-content\/uploads\/2022\/08\/Sierra-Sumaq-Rumi.png\" alt=\"Unidad Sierra Sumaq\" \/><\/figure><\/a><\/div><div class=\"swiper-slide\" role=\"group\" aria-roledescription=\"slide\" aria-label=\"6 of 6\"><a data-elementor-open-lightbox=\"yes\" data-elementor-lightbox-slideshow=\"c255303\" data-elementor-lightbox-title=\"numero 6\" data-e-action-hash=\"#elementor-action%3Aaction%3Dlightbox%26settings%3DeyJpZCI6MTAxNCwidXJsIjoiaHR0cHM6XC9cL3NpZXJyYXN1bmdyb3VwLmNvbVwvd3AtY29udGVudFwvdXBsb2Fkc1wvMjAyMlwvMDNcL251bWVyby02LnBuZyIsInNsaWRlc2hvdyI6ImMyNTUzMDMifQ%3D%3D\" href=\"https:\/\/sierrasungroup.com\/en\/mision-y-vision,https:\/\/sierrasungroup.com\/nuestros-valores-2,https:\/\/sierrasungroup.com\/somos-recios,https:\/\/sierrasungroup.com\/unidad-antapite,https:\/\/sierrasungroup.com\/unidad-sumaq-rumi,https:\/\/sierrasungroup.com\/unidad-sierra-dore\/\"><figure class=\"swiper-slide-inner\"><img decoding=\"async\" class=\"swiper-slide-image\" src=\"https:\/\/sierrasungroup.com\/wp-content\/uploads\/2022\/08\/Proyecto-Dore.png\" alt=\"numero 6\" \/><\/figure><\/a><\/div>\t\t\t<\/div>\n\t\t\t\t\t\t\t\n\t\t\t\t\t\t\t\t\t<\/div>\n\t\t\t\t\t\t<\/div>\n\t\t\t\t<\/div>\n\t\t\t\t\t<\/div>\n\t\t<\/div>\n\t\t\t\t\t<\/div>\n\t\t<\/section>\n\t\t\t\t<\/div>","protected":false},"excerpt":{"rendered":"<p>SOMOS RECIOS Nuestra identidad corporativa se resume en un concepto: SOMOS RECIOS. Y ello deriva del acr\u00f3stico formado por nuestros valores empresariales: Respetuosos, Emp\u00e1ticos, Comprometidos, Innovadores y Apasionados. Y esto nos ha permitido construir una indentidad propia que no solo deriva de nuestros principios sino que emana de nuestra gente. Somos luchadores, resilientes, nos enfretamos [&hellip;]<\/p>\n","protected":false},"author":1,"featured_media":0,"parent":0,"menu_order":0,"comment_status":"closed","ping_status":"closed","template":"","meta":{"site-sidebar-layout":"no-sidebar","site-content-layout":"page-builder","ast-site-content-layout":"default","site-content-style":"default","site-sidebar-style":"default","ast-global-header-display":"","ast-banner-title-visibility":"","ast-main-header-display":"","ast-hfb-above-header-display":"","ast-hfb-below-header-display":"","ast-hfb-mobile-header-display":"","site-post-title":"disabled","ast-breadcrumbs-content":"","ast-featured-img":"disabled","footer-sml-layout":"","ast-disable-related-posts":"","theme-transparent-header-meta":"","adv-header-id-meta":"","stick-header-meta":"","header-above-stick-meta":"","header-main-stick-meta":"","header-below-stick-meta":"","astra-migrate-meta-layouts":"default","ast-page-background-enabled":"default","ast-page-background-meta":{"desktop":{"background-color":"var(--ast-global-color-4)","background-image":"","background-repeat":"repeat","background-position":"center center","background-size":"auto","background-attachment":"scroll","background-type":"","background-media":"","overlay-type":"","overlay-color":"","overlay-opacity":"","overlay-gradient":""},"tablet":{"background-color":"","background-image":"","background-repeat":"repeat","background-position":"center center","background-size":"auto","background-attachment":"scroll","background-type":"","background-media":"","overlay-type":"","overlay-color":"","overlay-opacity":"","overlay-gradient":""},"mobile":{"background-color":"","background-image":"","background-repeat":"repeat","background-position":"center center","background-size":"auto","background-attachment":"scroll","background-type":"","background-media":"","overlay-type":"","overlay-color":"","overlay-opacity":"","overlay-gradient":""}},"ast-content-background-meta":{"desktop":{"background-color":"var(--ast-global-color-5)","background-image":"","background-repeat":"repeat","background-position":"center center","background-size":"auto","background-attachment":"scroll","background-type":"","background-media":"","overlay-type":"","overlay-color":"","overlay-opacity":"","overlay-gradient":""},"tablet":{"background-color":"var(--ast-global-color-5)","background-image":"","background-repeat":"repeat","background-position":"center center","background-size":"auto","background-attachment":"scroll","background-type":"","background-media":"","overlay-type":"","overlay-color":"","overlay-opacity":"","overlay-gradient":""},"mobile":{"background-color":"var(--ast-global-color-5)","background-image":"","background-repeat":"repeat","background-position":"center center","background-size":"auto","background-attachment":"scroll","background-type":"","background-media":"","overlay-type":"","overlay-color":"","overlay-opacity":"","overlay-gradient":""}},"footnotes":""},"class_list":["post-527","page","type-page","status-publish","hentry"],"_links":{"self":[{"href":"https:\/\/sierrasungroup.com\/en\/wp-json\/wp\/v2\/pages\/527","targetHints":{"allow":["GET"]}}],"collection":[{"href":"https:\/\/sierrasungroup.com\/en\/wp-json\/wp\/v2\/pages"}],"about":[{"href":"https:\/\/sierrasungroup.com\/en\/wp-json\/wp\/v2\/types\/page"}],"author":[{"embeddable":true,"href":"https:\/\/sierrasungroup.com\/en\/wp-json\/wp\/v2\/users\/1"}],"replies":[{"embeddable":true,"href":"https:\/\/sierrasungroup.com\/en\/wp-json\/wp\/v2\/comments?post=527"}],"version-history":[{"count":40,"href":"https:\/\/sierrasungroup.com\/en\/wp-json\/wp\/v2\/pages\/527\/revisions"}],"predecessor-version":[{"id":2199,"href":"https:\/\/sierrasungroup.com\/en\/wp-json\/wp\/v2\/pages\/527\/revisions\/2199"}],"wp:attachment":[{"href":"https:\/\/sierrasungroup.com\/en\/wp-json\/wp\/v2\/media?parent=527"}],"curies":[{"name":"wp","href":"https:\/\/api.w.org\/{rel}","templated":true}]}}