{"id":3141,"date":"2026-03-09T10:07:10","date_gmt":"2026-03-09T15:07:10","guid":{"rendered":"https:\/\/sierrasungroup.com\/?page_id=3141"},"modified":"2026-03-09T14:27:14","modified_gmt":"2026-03-09T19:27:14","slug":"politicas-de-sostenibilidad","status":"publish","type":"page","link":"https:\/\/sierrasungroup.com\/en\/politicas-de-sostenibilidad\/","title":{"rendered":"Pol\u00edticas de sostenibilidad"},"content":{"rendered":"<div data-elementor-type=\"wp-page\" data-elementor-id=\"3141\" class=\"elementor elementor-3141\" data-elementor-post-type=\"page\">\n\t\t\t\t\t\t<section data-particle_enable=\"false\" data-particle-mobile-disabled=\"false\" class=\"elementor-section elementor-top-section elementor-element elementor-element-48d479c elementor-section-full_width elementor-section-height-default elementor-section-height-default\" data-id=\"48d479c\" data-element_type=\"section\" data-e-type=\"section\">\n\t\t\t\t\t\t<div class=\"elementor-container elementor-column-gap-default\">\n\t\t\t\t\t<div class=\"elementor-column elementor-col-100 elementor-top-column elementor-element elementor-element-9ad024d\" data-id=\"9ad024d\" data-element_type=\"column\" data-e-type=\"column\">\n\t\t\t<div class=\"elementor-widget-wrap elementor-element-populated\">\n\t\t\t\t\t\t<div class=\"elementor-element elementor-element-1e8976a elementor-widget elementor-widget-image\" data-id=\"1e8976a\" data-element_type=\"widget\" data-e-type=\"widget\" data-widget_type=\"image.default\">\n\t\t\t\t<div class=\"elementor-widget-container\">\n\t\t\t\t\t\t\t\t\t\t\t\t\t\t\t<img fetchpriority=\"high\" decoding=\"async\" width=\"2160\" height=\"1395\" src=\"https:\/\/sierrasungroup.com\/wp-content\/uploads\/2026\/03\/ps1.jpg\" class=\"attachment-full size-full wp-image-3156\" alt=\"\" srcset=\"https:\/\/sierrasungroup.com\/wp-content\/uploads\/2026\/03\/ps1.jpg 2160w, https:\/\/sierrasungroup.com\/wp-content\/uploads\/2026\/03\/ps1-300x194.jpg 300w, https:\/\/sierrasungroup.com\/wp-content\/uploads\/2026\/03\/ps1-1024x661.jpg 1024w, https:\/\/sierrasungroup.com\/wp-content\/uploads\/2026\/03\/ps1-768x496.jpg 768w, https:\/\/sierrasungroup.com\/wp-content\/uploads\/2026\/03\/ps1-1536x992.jpg 1536w, https:\/\/sierrasungroup.com\/wp-content\/uploads\/2026\/03\/ps1-2048x1323.jpg 2048w, https:\/\/sierrasungroup.com\/wp-content\/uploads\/2026\/03\/ps1-18x12.jpg 18w\" sizes=\"(max-width: 2160px) 100vw, 2160px\" \/>\t\t\t\t\t\t\t\t\t\t\t\t\t\t\t<\/div>\n\t\t\t\t<\/div>\n\t\t\t\t\t<\/div>\n\t\t<\/div>\n\t\t\t\t\t<\/div>\n\t\t<\/section>\n\t\t\t\t<section data-particle_enable=\"false\" data-particle-mobile-disabled=\"false\" class=\"elementor-section elementor-top-section elementor-element elementor-element-8ad1f9a elementor-section-boxed elementor-section-height-default elementor-section-height-default\" data-id=\"8ad1f9a\" data-element_type=\"section\" data-e-type=\"section\">\n\t\t\t\t\t\t<div class=\"elementor-container elementor-column-gap-default\">\n\t\t\t\t\t<div class=\"elementor-column elementor-col-100 elementor-top-column elementor-element elementor-element-2c5fd53\" data-id=\"2c5fd53\" data-element_type=\"column\" data-e-type=\"column\">\n\t\t\t<div class=\"elementor-widget-wrap elementor-element-populated\">\n\t\t\t\t\t\t<div class=\"elementor-element elementor-element-994a48b elementor-widget elementor-widget-heading\" data-id=\"994a48b\" data-element_type=\"widget\" data-e-type=\"widget\" data-widget_type=\"heading.default\">\n\t\t\t\t<div class=\"elementor-widget-container\">\n\t\t\t\t\t<h2 class=\"elementor-heading-title elementor-size-default\">POLITICA DE SOSTENIBILIDAD <\/h2>\t\t\t\t<\/div>\n\t\t\t\t<\/div>\n\t\t\t\t<div class=\"elementor-element elementor-element-4000512 elementor-widget elementor-widget-text-editor\" data-id=\"4000512\" data-element_type=\"widget\" data-e-type=\"widget\" data-widget_type=\"text-editor.default\">\n\t\t\t\t<div class=\"elementor-widget-container\">\n\t\t\t\t\t\t\t\t\t<p>En Sierra Sun Group establecemos nuestra pol\u00edtica de Sostenibilidad, orientada a la protecci\u00f3n de la vida y salud de los trabajadores, contratistas y visitantes; en el cuidado del medio ambiente y relaciones sociales sostenibles, as\u00ed como en la calidad de nuestros productos. Nuestras actividades incluyen la exploraci\u00f3n, explotaci\u00f3n, cierre de minas y proyectos, as\u00ed como la producci\u00f3n y comercializaci\u00f3n de concentrados polimet\u00e1licos y dor\u00e9, enmarcadas bajo los siguientes compromisos de acci\u00f3n:<\/p><ol><li style=\"list-style-type: none;\"><ol><li>Proporcionar condiciones de trabajo seguras y saludables para la prevenci\u00f3n de lesiones, enfermedades ocupacionales e incidentes en las diversas actividades que desarrollamos.<\/li><li>Cumplir con las leyes vigentes, reglamentos, normas, compromisos de los instrumentos ambientales y otros requisitos voluntariamente suscritos con nuestros grupos de inter\u00e9s.<\/li><li>Gestionar proactivamente los riesgos, aspectos e impactos socioambientales mediante herramientas preventivas y controles operacionales, con el fin de eliminarlos o minimizarlos.<\/li><li>Promover el uso y desarrollo sostenible de los recursos naturales, gestionando los ecosistemas, la biodiversidad y el manejo adecuado del agua en la zona de influencia de nuestras operaciones, mitigando y adapt\u00e1ndonos a los efectos del cambio clim\u00e1tico.<\/li><li>Incorporar principios de econom\u00eda circular, promoviendo la reducci\u00f3n, reutilizaci\u00f3n y reciclaje de materiales para optimizar y minimizar residuos.<\/li><li>Adoptar pol\u00edticas del buen vecino, con el fin de establecer relaciones armoniosas a trav\u00e9s de una comunicaci\u00f3n efectiva y transparente con las comunidades de influencia en nuestras actividades mineras, respetando su cultura, derechos humanos, tradiciones y el cumplimiento de nuestros compromisos adquiridos.<\/li><li>Contribuir a los Objetivos de Desarrollo Sostenible (ODS) al fortalecer las capacidades productivas de las comunidades en nuestra \u00e1rea de influencia, siendo un aliado estrat\u00e9gico para su desarrollo.<\/li><\/ol><\/li><\/ol><p>La Gerencia General est\u00e1 comprometida con esta pol\u00edtica, la cual se encuentra difundida a todos los niveles de la empresa y a disposici\u00f3n del p\u00fablico, as\u00ed como a todas aquellas partes interesadas.<\/p><p>Lima, septiembre de 2025.<\/p><p style=\"text-align: center;\"><strong>&#8212;&#8212;&#8212;&#8212;&#8212;&#8212;&#8212;&#8212;&#8212;&#8212;&#8212;&#8212;&#8212;&#8212;&#8212;<\/strong><br \/>Graham Speirs<br \/>Gerente General<\/p>\t\t\t\t\t\t\t\t<\/div>\n\t\t\t\t<\/div>\n\t\t\t\t\t<\/div>\n\t\t<\/div>\n\t\t\t\t\t<\/div>\n\t\t<\/section>\n\t\t\t\t<section data-particle_enable=\"false\" data-particle-mobile-disabled=\"false\" class=\"elementor-section elementor-top-section elementor-element elementor-element-ce4448a elementor-section-boxed elementor-section-height-default elementor-section-height-default\" data-id=\"ce4448a\" data-element_type=\"section\" data-e-type=\"section\">\n\t\t\t\t\t\t<div class=\"elementor-container elementor-column-gap-default\">\n\t\t\t\t\t<div class=\"elementor-column elementor-col-50 elementor-top-column elementor-element elementor-element-7e90e53\" data-id=\"7e90e53\" data-element_type=\"column\" data-e-type=\"column\">\n\t\t\t<div class=\"elementor-widget-wrap elementor-element-populated\">\n\t\t\t\t\t\t<div class=\"elementor-element elementor-element-e5a12e1 elementor-widget elementor-widget-image\" data-id=\"e5a12e1\" data-element_type=\"widget\" data-e-type=\"widget\" data-widget_type=\"image.default\">\n\t\t\t\t<div class=\"elementor-widget-container\">\n\t\t\t\t\t\t\t\t\t\t\t\t\t\t\t<img decoding=\"async\" width=\"2258\" height=\"1694\" src=\"https:\/\/sierrasungroup.com\/wp-content\/uploads\/2026\/03\/ps-Campana-Dental-Antapite-mar-24.jpg\" class=\"attachment-full size-full wp-image-3144\" alt=\"\" srcset=\"https:\/\/sierrasungroup.com\/wp-content\/uploads\/2026\/03\/ps-Campana-Dental-Antapite-mar-24.jpg 2258w, https:\/\/sierrasungroup.com\/wp-content\/uploads\/2026\/03\/ps-Campana-Dental-Antapite-mar-24-300x225.jpg 300w, https:\/\/sierrasungroup.com\/wp-content\/uploads\/2026\/03\/ps-Campana-Dental-Antapite-mar-24-1024x768.jpg 1024w, https:\/\/sierrasungroup.com\/wp-content\/uploads\/2026\/03\/ps-Campana-Dental-Antapite-mar-24-768x576.jpg 768w, https:\/\/sierrasungroup.com\/wp-content\/uploads\/2026\/03\/ps-Campana-Dental-Antapite-mar-24-1536x1152.jpg 1536w, https:\/\/sierrasungroup.com\/wp-content\/uploads\/2026\/03\/ps-Campana-Dental-Antapite-mar-24-2048x1536.jpg 2048w, https:\/\/sierrasungroup.com\/wp-content\/uploads\/2026\/03\/ps-Campana-Dental-Antapite-mar-24-16x12.jpg 16w\" sizes=\"(max-width: 2258px) 100vw, 2258px\" \/>\t\t\t\t\t\t\t\t\t\t\t\t\t\t\t<\/div>\n\t\t\t\t<\/div>\n\t\t\t\t\t<\/div>\n\t\t<\/div>\n\t\t\t\t<div class=\"elementor-column elementor-col-50 elementor-top-column elementor-element elementor-element-8f781d0\" data-id=\"8f781d0\" data-element_type=\"column\" data-e-type=\"column\">\n\t\t\t<div class=\"elementor-widget-wrap elementor-element-populated\">\n\t\t\t\t\t\t<div class=\"elementor-element elementor-element-3477bd2 elementor-widget elementor-widget-image\" data-id=\"3477bd2\" data-element_type=\"widget\" data-e-type=\"widget\" data-widget_type=\"image.default\">\n\t\t\t\t<div class=\"elementor-widget-container\">\n\t\t\t\t\t\t\t\t\t\t\t\t\t\t\t<img decoding=\"async\" width=\"2735\" height=\"1826\" src=\"https:\/\/sierrasungroup.com\/wp-content\/uploads\/2026\/03\/ps-3.jpg\" class=\"attachment-full size-full wp-image-3143\" alt=\"\" srcset=\"https:\/\/sierrasungroup.com\/wp-content\/uploads\/2026\/03\/ps-3.jpg 2735w, https:\/\/sierrasungroup.com\/wp-content\/uploads\/2026\/03\/ps-3-300x200.jpg 300w, https:\/\/sierrasungroup.com\/wp-content\/uploads\/2026\/03\/ps-3-1024x684.jpg 1024w, https:\/\/sierrasungroup.com\/wp-content\/uploads\/2026\/03\/ps-3-768x513.jpg 768w, https:\/\/sierrasungroup.com\/wp-content\/uploads\/2026\/03\/ps-3-1536x1025.jpg 1536w, https:\/\/sierrasungroup.com\/wp-content\/uploads\/2026\/03\/ps-3-2048x1367.jpg 2048w, https:\/\/sierrasungroup.com\/wp-content\/uploads\/2026\/03\/ps-3-18x12.jpg 18w\" sizes=\"(max-width: 2735px) 100vw, 2735px\" \/>\t\t\t\t\t\t\t\t\t\t\t\t\t\t\t<\/div>\n\t\t\t\t<\/div>\n\t\t\t\t\t<\/div>\n\t\t<\/div>\n\t\t\t\t\t<\/div>\n\t\t<\/section>\n\t\t\t\t<section data-particle_enable=\"false\" data-particle-mobile-disabled=\"false\" class=\"elementor-section elementor-top-section elementor-element elementor-element-dfff789 elementor-section-boxed elementor-section-height-default elementor-section-height-default\" data-id=\"dfff789\" data-element_type=\"section\" data-e-type=\"section\">\n\t\t\t\t\t\t<div class=\"elementor-container elementor-column-gap-default\">\n\t\t\t\t\t<div class=\"elementor-column elementor-col-50 elementor-top-column elementor-element elementor-element-a550144\" data-id=\"a550144\" data-element_type=\"column\" data-e-type=\"column\">\n\t\t\t<div class=\"elementor-widget-wrap elementor-element-populated\">\n\t\t\t\t\t\t<div class=\"elementor-element elementor-element-2d1a1f4 elementor-widget elementor-widget-image\" data-id=\"2d1a1f4\" data-element_type=\"widget\" data-e-type=\"widget\" data-widget_type=\"image.default\">\n\t\t\t\t<div class=\"elementor-widget-container\">\n\t\t\t\t\t\t\t\t\t\t\t\t\t\t\t<img loading=\"lazy\" decoding=\"async\" width=\"1280\" height=\"960\" src=\"https:\/\/sierrasungroup.com\/wp-content\/uploads\/2026\/03\/Staff-GEMIN.jpg\" class=\"attachment-full size-full wp-image-3145\" alt=\"\" srcset=\"https:\/\/sierrasungroup.com\/wp-content\/uploads\/2026\/03\/Staff-GEMIN.jpg 1280w, https:\/\/sierrasungroup.com\/wp-content\/uploads\/2026\/03\/Staff-GEMIN-300x225.jpg 300w, https:\/\/sierrasungroup.com\/wp-content\/uploads\/2026\/03\/Staff-GEMIN-1024x768.jpg 1024w, https:\/\/sierrasungroup.com\/wp-content\/uploads\/2026\/03\/Staff-GEMIN-768x576.jpg 768w, https:\/\/sierrasungroup.com\/wp-content\/uploads\/2026\/03\/Staff-GEMIN-16x12.jpg 16w\" sizes=\"(max-width: 1280px) 100vw, 1280px\" \/>\t\t\t\t\t\t\t\t\t\t\t\t\t\t\t<\/div>\n\t\t\t\t<\/div>\n\t\t\t\t\t<\/div>\n\t\t<\/div>\n\t\t\t\t<div class=\"elementor-column elementor-col-50 elementor-top-column elementor-element elementor-element-bea2891\" data-id=\"bea2891\" data-element_type=\"column\" data-e-type=\"column\">\n\t\t\t<div class=\"elementor-widget-wrap elementor-element-populated\">\n\t\t\t\t\t\t<div class=\"elementor-element elementor-element-ecb92e4 elementor-widget elementor-widget-image\" data-id=\"ecb92e4\" data-element_type=\"widget\" data-e-type=\"widget\" data-widget_type=\"image.default\">\n\t\t\t\t<div class=\"elementor-widget-container\">\n\t\t\t\t\t\t\t\t\t\t\t\t\t\t\t<img loading=\"lazy\" decoding=\"async\" width=\"1280\" height=\"960\" src=\"https:\/\/sierrasungroup.com\/wp-content\/uploads\/2026\/03\/WhatsApp-Image-2022-09-26-at-4.38.04-PM.jpeg\" class=\"attachment-full size-full wp-image-3146\" alt=\"\" srcset=\"https:\/\/sierrasungroup.com\/wp-content\/uploads\/2026\/03\/WhatsApp-Image-2022-09-26-at-4.38.04-PM.jpeg 1280w, https:\/\/sierrasungroup.com\/wp-content\/uploads\/2026\/03\/WhatsApp-Image-2022-09-26-at-4.38.04-PM-300x225.jpeg 300w, https:\/\/sierrasungroup.com\/wp-content\/uploads\/2026\/03\/WhatsApp-Image-2022-09-26-at-4.38.04-PM-1024x768.jpeg 1024w, https:\/\/sierrasungroup.com\/wp-content\/uploads\/2026\/03\/WhatsApp-Image-2022-09-26-at-4.38.04-PM-768x576.jpeg 768w, https:\/\/sierrasungroup.com\/wp-content\/uploads\/2026\/03\/WhatsApp-Image-2022-09-26-at-4.38.04-PM-16x12.jpeg 16w\" sizes=\"(max-width: 1280px) 100vw, 1280px\" \/>\t\t\t\t\t\t\t\t\t\t\t\t\t\t\t<\/div>\n\t\t\t\t<\/div>\n\t\t\t\t\t<\/div>\n\t\t<\/div>\n\t\t\t\t\t<\/div>\n\t\t<\/section>\n\t\t\t\t<section data-particle_enable=\"false\" data-particle-mobile-disabled=\"false\" class=\"elementor-section elementor-top-section elementor-element elementor-element-4d82d68d elementor-section-boxed elementor-section-height-default elementor-section-height-default\" data-id=\"4d82d68d\" data-element_type=\"section\" data-e-type=\"section\">\n\t\t\t\t\t\t<div class=\"elementor-container elementor-column-gap-default\">\n\t\t\t\t\t<div class=\"elementor-column elementor-col-100 elementor-top-column elementor-element elementor-element-82da2bb\" data-id=\"82da2bb\" data-element_type=\"column\" data-e-type=\"column\">\n\t\t\t<div class=\"elementor-widget-wrap elementor-element-populated\">\n\t\t\t\t\t\t<div class=\"elementor-element elementor-element-69985727 elementor-widget elementor-widget-image-carousel\" data-id=\"69985727\" data-element_type=\"widget\" data-e-type=\"widget\" data-settings=\"{&quot;navigation&quot;:&quot;none&quot;,&quot;autoplay_speed&quot;:3000,&quot;image_spacing_custom&quot;:{&quot;unit&quot;:&quot;px&quot;,&quot;size&quot;:19,&quot;sizes&quot;:[]},&quot;autoplay&quot;:&quot;yes&quot;,&quot;pause_on_hover&quot;:&quot;yes&quot;,&quot;pause_on_interaction&quot;:&quot;yes&quot;,&quot;infinite&quot;:&quot;yes&quot;,&quot;speed&quot;:500,&quot;image_spacing_custom_tablet&quot;:{&quot;unit&quot;:&quot;px&quot;,&quot;size&quot;:&quot;&quot;,&quot;sizes&quot;:[]},&quot;image_spacing_custom_mobile&quot;:{&quot;unit&quot;:&quot;px&quot;,&quot;size&quot;:&quot;&quot;,&quot;sizes&quot;:[]}}\" data-widget_type=\"image-carousel.default\">\n\t\t\t\t<div class=\"elementor-widget-container\">\n\t\t\t\t\t\t\t<div class=\"elementor-image-carousel-wrapper swiper\" role=\"region\" aria-roledescription=\"carousel\" aria-label=\"Image Carousel\" dir=\"ltr\">\n\t\t\t<div class=\"elementor-image-carousel swiper-wrapper\" aria-live=\"off\">\n\t\t\t\t\t\t\t\t<div class=\"swiper-slide\" role=\"group\" aria-roledescription=\"slide\" aria-label=\"1 of 6\"><a data-elementor-open-lightbox=\"yes\" data-elementor-lightbox-slideshow=\"69985727\" data-elementor-lightbox-title=\"mision\" data-e-action-hash=\"#elementor-action%3Aaction%3Dlightbox%26settings%3DeyJpZCI6MTAwOSwidXJsIjoiaHR0cHM6XC9cL3NpZXJyYXN1bmdyb3VwLmNvbVwvd3AtY29udGVudFwvdXBsb2Fkc1wvMjAyMlwvMDNcL21pc2lvbi5wbmciLCJzbGlkZXNob3ciOiI2OTk4NTcyNyJ9\" href=\"https:\/\/sierrasungroup.com\/en\/mision-y-vision,https:\/\/sierrasungroup.com\/nuestros-valores-2,https:\/\/sierrasungroup.com\/somos-recios,https:\/\/sierrasungroup.com\/unidad-antapite,https:\/\/sierrasungroup.com\/unidad-sumaq-rumi,https:\/\/sierrasungroup.com\/unidad-sierra-dore\/\"><figure class=\"swiper-slide-inner\"><img decoding=\"async\" class=\"swiper-slide-image\" src=\"https:\/\/sierrasungroup.com\/wp-content\/uploads\/2022\/08\/Proposito-Mision-y-Vision.png\" alt=\"mision\" \/><\/figure><\/a><\/div><div class=\"swiper-slide\" role=\"group\" aria-roledescription=\"slide\" aria-label=\"2 of 6\"><a data-elementor-open-lightbox=\"yes\" data-elementor-lightbox-slideshow=\"69985727\" data-elementor-lightbox-title=\"valores\" data-e-action-hash=\"#elementor-action%3Aaction%3Dlightbox%26settings%3DeyJpZCI6MTAxMCwidXJsIjoiaHR0cHM6XC9cL3NpZXJyYXN1bmdyb3VwLmNvbVwvd3AtY29udGVudFwvdXBsb2Fkc1wvMjAyMlwvMDNcL3ZhbG9yZXMucG5nIiwic2xpZGVzaG93IjoiNjk5ODU3MjcifQ%3D%3D\" href=\"https:\/\/sierrasungroup.com\/en\/mision-y-vision,https:\/\/sierrasungroup.com\/nuestros-valores-2,https:\/\/sierrasungroup.com\/somos-recios,https:\/\/sierrasungroup.com\/unidad-antapite,https:\/\/sierrasungroup.com\/unidad-sumaq-rumi,https:\/\/sierrasungroup.com\/unidad-sierra-dore\/\"><figure class=\"swiper-slide-inner\"><img decoding=\"async\" class=\"swiper-slide-image\" src=\"https:\/\/sierrasungroup.com\/wp-content\/uploads\/2022\/08\/Nuestros-Valores.png\" alt=\"valores\" \/><\/figure><\/a><\/div><div class=\"swiper-slide\" role=\"group\" aria-roledescription=\"slide\" aria-label=\"3 of 6\"><a data-elementor-open-lightbox=\"yes\" data-elementor-lightbox-slideshow=\"69985727\" data-elementor-lightbox-title=\"recios\" data-e-action-hash=\"#elementor-action%3Aaction%3Dlightbox%26settings%3DeyJpZCI6MTAxMSwidXJsIjoiaHR0cHM6XC9cL3NpZXJyYXN1bmdyb3VwLmNvbVwvd3AtY29udGVudFwvdXBsb2Fkc1wvMjAyMlwvMDNcL3JlY2lvcy5wbmciLCJzbGlkZXNob3ciOiI2OTk4NTcyNyJ9\" href=\"https:\/\/sierrasungroup.com\/en\/mision-y-vision,https:\/\/sierrasungroup.com\/nuestros-valores-2,https:\/\/sierrasungroup.com\/somos-recios,https:\/\/sierrasungroup.com\/unidad-antapite,https:\/\/sierrasungroup.com\/unidad-sumaq-rumi,https:\/\/sierrasungroup.com\/unidad-sierra-dore\/\"><figure class=\"swiper-slide-inner\"><img decoding=\"async\" class=\"swiper-slide-image\" src=\"https:\/\/sierrasungroup.com\/wp-content\/uploads\/2022\/08\/\u00bfPor-que-somos-Recios_.png\" alt=\"recios\" \/><\/figure><\/a><\/div><div class=\"swiper-slide\" role=\"group\" aria-roledescription=\"slide\" aria-label=\"4 of 6\"><a data-elementor-open-lightbox=\"yes\" data-elementor-lightbox-slideshow=\"69985727\" data-elementor-lightbox-title=\"numero 4\" data-e-action-hash=\"#elementor-action%3Aaction%3Dlightbox%26settings%3DeyJpZCI6MTAxMiwidXJsIjoiaHR0cHM6XC9cL3NpZXJyYXN1bmdyb3VwLmNvbVwvd3AtY29udGVudFwvdXBsb2Fkc1wvMjAyMlwvMDNcL251bWVyby00LnBuZyIsInNsaWRlc2hvdyI6IjY5OTg1NzI3In0%3D\" href=\"https:\/\/sierrasungroup.com\/en\/mision-y-vision,https:\/\/sierrasungroup.com\/nuestros-valores-2,https:\/\/sierrasungroup.com\/somos-recios,https:\/\/sierrasungroup.com\/unidad-antapite,https:\/\/sierrasungroup.com\/unidad-sumaq-rumi,https:\/\/sierrasungroup.com\/unidad-sierra-dore\/\"><figure class=\"swiper-slide-inner\"><img decoding=\"async\" class=\"swiper-slide-image\" src=\"https:\/\/sierrasungroup.com\/wp-content\/uploads\/2022\/08\/Unidad-Antapite.png\" alt=\"numero 4\" \/><\/figure><\/a><\/div><div class=\"swiper-slide\" role=\"group\" aria-roledescription=\"slide\" aria-label=\"5 of 6\"><a data-elementor-open-lightbox=\"yes\" data-elementor-lightbox-slideshow=\"69985727\" data-elementor-lightbox-title=\"Unidad Sierra Sumaq\" data-e-action-hash=\"#elementor-action%3Aaction%3Dlightbox%26settings%3DeyJpZCI6MTY5NywidXJsIjoiaHR0cHM6XC9cL3NpZXJyYXN1bmdyb3VwLmNvbVwvd3AtY29udGVudFwvdXBsb2Fkc1wvMjAyMlwvMDRcL1VuaWRhZC1TaWVycmEtU3VtYXEucG5nIiwic2xpZGVzaG93IjoiNjk5ODU3MjcifQ%3D%3D\" href=\"https:\/\/sierrasungroup.com\/en\/mision-y-vision,https:\/\/sierrasungroup.com\/nuestros-valores-2,https:\/\/sierrasungroup.com\/somos-recios,https:\/\/sierrasungroup.com\/unidad-antapite,https:\/\/sierrasungroup.com\/unidad-sumaq-rumi,https:\/\/sierrasungroup.com\/unidad-sierra-dore\/\"><figure class=\"swiper-slide-inner\"><img decoding=\"async\" class=\"swiper-slide-image\" src=\"https:\/\/sierrasungroup.com\/wp-content\/uploads\/2022\/08\/Sierra-Sumaq-Rumi.png\" alt=\"Unidad Sierra Sumaq\" \/><\/figure><\/a><\/div><div class=\"swiper-slide\" role=\"group\" aria-roledescription=\"slide\" aria-label=\"6 of 6\"><a data-elementor-open-lightbox=\"yes\" data-elementor-lightbox-slideshow=\"69985727\" data-elementor-lightbox-title=\"numero 6\" data-e-action-hash=\"#elementor-action%3Aaction%3Dlightbox%26settings%3DeyJpZCI6MTAxNCwidXJsIjoiaHR0cHM6XC9cL3NpZXJyYXN1bmdyb3VwLmNvbVwvd3AtY29udGVudFwvdXBsb2Fkc1wvMjAyMlwvMDNcL251bWVyby02LnBuZyIsInNsaWRlc2hvdyI6IjY5OTg1NzI3In0%3D\" href=\"https:\/\/sierrasungroup.com\/en\/mision-y-vision,https:\/\/sierrasungroup.com\/nuestros-valores-2,https:\/\/sierrasungroup.com\/somos-recios,https:\/\/sierrasungroup.com\/unidad-antapite,https:\/\/sierrasungroup.com\/unidad-sumaq-rumi,https:\/\/sierrasungroup.com\/unidad-sierra-dore\/\"><figure class=\"swiper-slide-inner\"><img decoding=\"async\" class=\"swiper-slide-image\" src=\"https:\/\/sierrasungroup.com\/wp-content\/uploads\/2022\/08\/Proyecto-Dore.png\" alt=\"numero 6\" \/><\/figure><\/a><\/div>\t\t\t<\/div>\n\t\t\t\t\t\t\t\n\t\t\t\t\t\t\t\t\t<\/div>\n\t\t\t\t\t\t<\/div>\n\t\t\t\t<\/div>\n\t\t\t\t\t<\/div>\n\t\t<\/div>\n\t\t\t\t\t<\/div>\n\t\t<\/section>\n\t\t\t\t<\/div>","protected":false},"excerpt":{"rendered":"<p>POLITICA DE SOSTENIBILIDAD En Sierra Sun Group establecemos nuestra pol\u00edtica de Sostenibilidad, orientada a la protecci\u00f3n de la vida y salud de los trabajadores, contratistas y visitantes; en el cuidado del medio ambiente y relaciones sociales sostenibles, as\u00ed como en la calidad de nuestros productos. Nuestras actividades incluyen la exploraci\u00f3n, explotaci\u00f3n, cierre de minas y [&hellip;]<\/p>\n","protected":false},"author":1,"featured_media":0,"parent":0,"menu_order":0,"comment_status":"closed","ping_status":"closed","template":"","meta":{"site-sidebar-layout":"no-sidebar","site-content-layout":"page-builder","ast-site-content-layout":"default","site-content-style":"default","site-sidebar-style":"default","ast-global-header-display":"","ast-banner-title-visibility":"","ast-main-header-display":"","ast-hfb-above-header-display":"","ast-hfb-below-header-display":"","ast-hfb-mobile-header-display":"","site-post-title":"disabled","ast-breadcrumbs-content":"","ast-featured-img":"disabled","footer-sml-layout":"","ast-disable-related-posts":"","theme-transparent-header-meta":"","adv-header-id-meta":"","stick-header-meta":"","header-above-stick-meta":"","header-main-stick-meta":"","header-below-stick-meta":"","astra-migrate-meta-layouts":"default","ast-page-background-enabled":"default","ast-page-background-meta":{"desktop":{"background-color":"var(--ast-global-color-4)","background-image":"","background-repeat":"repeat","background-position":"center center","background-size":"auto","background-attachment":"scroll","background-type":"","background-media":"","overlay-type":"","overlay-color":"","overlay-opacity":"","overlay-gradient":""},"tablet":{"background-color":"","background-image":"","background-repeat":"repeat","background-position":"center center","background-size":"auto","background-attachment":"scroll","background-type":"","background-media":"","overlay-type":"","overlay-color":"","overlay-opacity":"","overlay-gradient":""},"mobile":{"background-color":"","background-image":"","background-repeat":"repeat","background-position":"center center","background-size":"auto","background-attachment":"scroll","background-type":"","background-media":"","overlay-type":"","overlay-color":"","overlay-opacity":"","overlay-gradient":""}},"ast-content-background-meta":{"desktop":{"background-color":"var(--ast-global-color-5)","background-image":"","background-repeat":"repeat","background-position":"center center","background-size":"auto","background-attachment":"scroll","background-type":"","background-media":"","overlay-type":"","overlay-color":"","overlay-opacity":"","overlay-gradient":""},"tablet":{"background-color":"var(--ast-global-color-5)","background-image":"","background-repeat":"repeat","background-position":"center center","background-size":"auto","background-attachment":"scroll","background-type":"","background-media":"","overlay-type":"","overlay-color":"","overlay-opacity":"","overlay-gradient":""},"mobile":{"background-color":"var(--ast-global-color-5)","background-image":"","background-repeat":"repeat","background-position":"center center","background-size":"auto","background-attachment":"scroll","background-type":"","background-media":"","overlay-type":"","overlay-color":"","overlay-opacity":"","overlay-gradient":""}},"footnotes":""},"class_list":["post-3141","page","type-page","status-publish","hentry"],"_links":{"self":[{"href":"https:\/\/sierrasungroup.com\/en\/wp-json\/wp\/v2\/pages\/3141","targetHints":{"allow":["GET"]}}],"collection":[{"href":"https:\/\/sierrasungroup.com\/en\/wp-json\/wp\/v2\/pages"}],"about":[{"href":"https:\/\/sierrasungroup.com\/en\/wp-json\/wp\/v2\/types\/page"}],"author":[{"embeddable":true,"href":"https:\/\/sierrasungroup.com\/en\/wp-json\/wp\/v2\/users\/1"}],"replies":[{"embeddable":true,"href":"https:\/\/sierrasungroup.com\/en\/wp-json\/wp\/v2\/comments?post=3141"}],"version-history":[{"count":7,"href":"https:\/\/sierrasungroup.com\/en\/wp-json\/wp\/v2\/pages\/3141\/revisions"}],"predecessor-version":[{"id":3193,"href":"https:\/\/sierrasungroup.com\/en\/wp-json\/wp\/v2\/pages\/3141\/revisions\/3193"}],"wp:attachment":[{"href":"https:\/\/sierrasungroup.com\/en\/wp-json\/wp\/v2\/media?parent=3141"}],"curies":[{"name":"wp","href":"https:\/\/api.w.org\/{rel}","templated":true}]}}