{"id":2808,"date":"2025-05-13T05:04:27","date_gmt":"2025-05-13T10:04:27","guid":{"rendered":"https:\/\/sierrasungroup.com\/?page_id=2808"},"modified":"2025-05-13T05:05:09","modified_gmt":"2025-05-13T10:05:09","slug":"icmi","status":"publish","type":"page","link":"https:\/\/sierrasungroup.com\/en\/icmi\/","title":{"rendered":"ICMI"},"content":{"rendered":"<div data-elementor-type=\"wp-page\" data-elementor-id=\"2808\" class=\"elementor elementor-2808\" data-elementor-post-type=\"page\">\n\t\t\t\t\t\t<section data-particle_enable=\"false\" data-particle-mobile-disabled=\"false\" class=\"elementor-section elementor-top-section elementor-element elementor-element-a47c925 elementor-section-full_width elementor-section-height-default elementor-section-height-default\" data-id=\"a47c925\" data-element_type=\"section\" data-e-type=\"section\">\n\t\t\t\t\t\t<div class=\"elementor-container elementor-column-gap-default\">\n\t\t\t\t\t<div class=\"elementor-column elementor-col-50 elementor-top-column elementor-element elementor-element-af63b02\" data-id=\"af63b02\" data-element_type=\"column\" data-e-type=\"column\">\n\t\t\t<div class=\"elementor-widget-wrap elementor-element-populated\">\n\t\t\t\t\t\t<div class=\"elementor-element elementor-element-7ee0534 elementor-widget elementor-widget-spacer\" data-id=\"7ee0534\" data-element_type=\"widget\" data-e-type=\"widget\" data-widget_type=\"spacer.default\">\n\t\t\t\t<div class=\"elementor-widget-container\">\n\t\t\t\t\t\t\t<div class=\"elementor-spacer\">\n\t\t\t<div class=\"elementor-spacer-inner\"><\/div>\n\t\t<\/div>\n\t\t\t\t\t\t<\/div>\n\t\t\t\t<\/div>\n\t\t\t\t<div class=\"elementor-element elementor-element-2562b0c elementor-widget elementor-widget-image\" data-id=\"2562b0c\" data-element_type=\"widget\" data-e-type=\"widget\" data-widget_type=\"image.default\">\n\t\t\t\t<div class=\"elementor-widget-container\">\n\t\t\t\t\t\t\t\t\t\t\t\t\t\t\t<img fetchpriority=\"high\" decoding=\"async\" width=\"1620\" height=\"675\" src=\"https:\/\/sierrasungroup.com\/wp-content\/uploads\/2025\/05\/ICMI-Cyanide-Code-Logo-New.jpg\" class=\"attachment-full size-full wp-image-2812\" alt=\"\" srcset=\"https:\/\/sierrasungroup.com\/wp-content\/uploads\/2025\/05\/ICMI-Cyanide-Code-Logo-New.jpg 1620w, https:\/\/sierrasungroup.com\/wp-content\/uploads\/2025\/05\/ICMI-Cyanide-Code-Logo-New-300x125.jpg 300w, https:\/\/sierrasungroup.com\/wp-content\/uploads\/2025\/05\/ICMI-Cyanide-Code-Logo-New-1024x427.jpg 1024w, https:\/\/sierrasungroup.com\/wp-content\/uploads\/2025\/05\/ICMI-Cyanide-Code-Logo-New-768x320.jpg 768w, https:\/\/sierrasungroup.com\/wp-content\/uploads\/2025\/05\/ICMI-Cyanide-Code-Logo-New-1536x640.jpg 1536w, https:\/\/sierrasungroup.com\/wp-content\/uploads\/2025\/05\/ICMI-Cyanide-Code-Logo-New-18x8.jpg 18w\" sizes=\"(max-width: 1620px) 100vw, 1620px\" \/>\t\t\t\t\t\t\t\t\t\t\t\t\t\t\t<\/div>\n\t\t\t\t<\/div>\n\t\t\t\t<div class=\"elementor-element elementor-element-0747f6e elementor-widget elementor-widget-spacer\" data-id=\"0747f6e\" data-element_type=\"widget\" data-e-type=\"widget\" data-widget_type=\"spacer.default\">\n\t\t\t\t<div class=\"elementor-widget-container\">\n\t\t\t\t\t\t\t<div class=\"elementor-spacer\">\n\t\t\t<div class=\"elementor-spacer-inner\"><\/div>\n\t\t<\/div>\n\t\t\t\t\t\t<\/div>\n\t\t\t\t<\/div>\n\t\t\t\t\t<\/div>\n\t\t<\/div>\n\t\t\t\t<div class=\"elementor-column elementor-col-50 elementor-top-column elementor-element elementor-element-43f92c5\" data-id=\"43f92c5\" data-element_type=\"column\" data-e-type=\"column\">\n\t\t\t<div class=\"elementor-widget-wrap elementor-element-populated\">\n\t\t\t\t\t\t<div class=\"elementor-element elementor-element-ae99e2f elementor-widget elementor-widget-spacer\" data-id=\"ae99e2f\" data-element_type=\"widget\" data-e-type=\"widget\" data-widget_type=\"spacer.default\">\n\t\t\t\t<div class=\"elementor-widget-container\">\n\t\t\t\t\t\t\t<div class=\"elementor-spacer\">\n\t\t\t<div class=\"elementor-spacer-inner\"><\/div>\n\t\t<\/div>\n\t\t\t\t\t\t<\/div>\n\t\t\t\t<\/div>\n\t\t\t\t<div class=\"elementor-element elementor-element-62a3618 elementor-widget elementor-widget-image\" data-id=\"62a3618\" data-element_type=\"widget\" data-e-type=\"widget\" data-widget_type=\"image.default\">\n\t\t\t\t<div class=\"elementor-widget-container\">\n\t\t\t\t\t\t\t\t\t\t\t\t\t\t\t<img decoding=\"async\" width=\"843\" height=\"303\" src=\"https:\/\/sierrasungroup.com\/wp-content\/uploads\/2025\/05\/ccdc.png\" class=\"attachment-full size-full wp-image-2810\" alt=\"\" srcset=\"https:\/\/sierrasungroup.com\/wp-content\/uploads\/2025\/05\/ccdc.png 843w, https:\/\/sierrasungroup.com\/wp-content\/uploads\/2025\/05\/ccdc-300x108.png 300w, https:\/\/sierrasungroup.com\/wp-content\/uploads\/2025\/05\/ccdc-768x276.png 768w, https:\/\/sierrasungroup.com\/wp-content\/uploads\/2025\/05\/ccdc-18x6.png 18w\" sizes=\"(max-width: 843px) 100vw, 843px\" \/>\t\t\t\t\t\t\t\t\t\t\t\t\t\t\t<\/div>\n\t\t\t\t<\/div>\n\t\t\t\t\t<\/div>\n\t\t<\/div>\n\t\t\t\t\t<\/div>\n\t\t<\/section>\n\t\t\t\t<section data-particle_enable=\"false\" data-particle-mobile-disabled=\"false\" class=\"elementor-section elementor-top-section elementor-element elementor-element-eaaa203 elementor-section-boxed elementor-section-height-default elementor-section-height-default\" data-id=\"eaaa203\" data-element_type=\"section\" data-e-type=\"section\">\n\t\t\t\t\t\t<div class=\"elementor-container elementor-column-gap-default\">\n\t\t\t\t\t<div class=\"elementor-column elementor-col-100 elementor-top-column elementor-element elementor-element-03a6bcf\" data-id=\"03a6bcf\" data-element_type=\"column\" data-e-type=\"column\">\n\t\t\t<div class=\"elementor-widget-wrap elementor-element-populated\">\n\t\t\t\t\t\t<div class=\"elementor-element elementor-element-63eec10 elementor-widget elementor-widget-spacer\" data-id=\"63eec10\" data-element_type=\"widget\" data-e-type=\"widget\" data-widget_type=\"spacer.default\">\n\t\t\t\t<div class=\"elementor-widget-container\">\n\t\t\t\t\t\t\t<div class=\"elementor-spacer\">\n\t\t\t<div class=\"elementor-spacer-inner\"><\/div>\n\t\t<\/div>\n\t\t\t\t\t\t<\/div>\n\t\t\t\t<\/div>\n\t\t\t\t<div class=\"elementor-element elementor-element-e0442dc elementor-widget elementor-widget-heading\" data-id=\"e0442dc\" data-element_type=\"widget\" data-e-type=\"widget\" data-widget_type=\"heading.default\">\n\t\t\t\t<div class=\"elementor-widget-container\">\n\t\t\t\t\t<h2 class=\"elementor-heading-title elementor-size-default\">CERTIFICACION BAJO EL C\u00d3DIGO INTERNACIONAL DE GESTI\u00d3N DEL CIANURO \u2013 SIERRA ANTAPITE\n<\/h2>\t\t\t\t<\/div>\n\t\t\t\t<\/div>\n\t\t\t\t\t<\/div>\n\t\t<\/div>\n\t\t\t\t\t<\/div>\n\t\t<\/section>\n\t\t\t\t<section data-particle_enable=\"false\" data-particle-mobile-disabled=\"false\" class=\"elementor-section elementor-top-section elementor-element elementor-element-8092a5d elementor-section-boxed elementor-section-height-default elementor-section-height-default\" data-id=\"8092a5d\" data-element_type=\"section\" data-e-type=\"section\">\n\t\t\t\t\t\t<div class=\"elementor-container elementor-column-gap-default\">\n\t\t\t\t\t<div class=\"elementor-column elementor-col-100 elementor-top-column elementor-element elementor-element-594e7e0\" data-id=\"594e7e0\" data-element_type=\"column\" data-e-type=\"column\">\n\t\t\t<div class=\"elementor-widget-wrap elementor-element-populated\">\n\t\t\t\t\t\t<div class=\"elementor-element elementor-element-93e87e4 elementor-widget elementor-widget-text-editor\" data-id=\"93e87e4\" data-element_type=\"widget\" data-e-type=\"widget\" data-widget_type=\"text-editor.default\">\n\t\t\t\t<div class=\"elementor-widget-container\">\n\t\t\t\t\t\t\t\t\t<p><strong>Nuestra UM Sierra Antapite\u00a0ha sido certificada en total cumplimiento con el C\u00f3digo Internacional de Gesti\u00f3n de Cianuro<\/strong> por el Instituto Internacional de Gesti\u00f3n del Cianuro (ICMI) que lo cual significa que esta organizaci\u00f3n ha recibido y aceptado el informe detallado de hallazgos de auditor\u00eda y el informe de auditor\u00eda resumido preparado por un auditor externo profesional independiente que evalu\u00f3 la operaci\u00f3n de Sierra Antapite frente al Protocolo de verificaci\u00f3n de operaciones mineras de ICMI y encontr\u00f3 que cumpl\u00eda plenamente con los principios y normas de pr\u00e1ctica del c\u00f3digo de Cianuro.\u00a0<\/p><p>Seg\u00fan la definici\u00f3n de la propia ICMI, \u201cel C\u00f3digo del Cianuro es un programa voluntario de la industria centrado en el manejo seguro y ambientalmente responsable del cianuro por parte de compa\u00f1\u00edas que producen oro y \/ o plata y por compa\u00f1\u00edas que fabrican, almacenan y transportan cianuro\u201d.<\/p><p>ICMI complementa que \u201cel C\u00f3digo de Cianuro fue desarrollado bajo los auspicios del Programa de las Naciones Unidas para el Medio Ambiente por un Comit\u00e9 Directivo de m\u00faltiples partes interesadas, y se encuentra entre los programas de certificaci\u00f3n m\u00e1s establecidos en el sector minero. Tiene por objeto complementar la obligaci\u00f3n existente de una operaci\u00f3n de cumplir con las leyes y reglamentos aplicables de la jurisdicci\u00f3n pol\u00edtica en la que se encuentra la operaci\u00f3n\u201d.<br \/>Finalmente, este proceso representa un importante hito para nuestra organizaci\u00f3n y para la industria minera a nivel nacional, aline\u00e1ndolos a los est\u00e1ndares globales de producci\u00f3n de oro, teniendo al manejo y transporte responsable de este insumo como una de nuestras prioridades operativas, en favor del cuidado del medio ambiente.<\/p>\t\t\t\t\t\t\t\t<\/div>\n\t\t\t\t<\/div>\n\t\t\t\t<div class=\"elementor-element elementor-element-b5672b8 elementor-widget elementor-widget-spacer\" data-id=\"b5672b8\" data-element_type=\"widget\" data-e-type=\"widget\" data-widget_type=\"spacer.default\">\n\t\t\t\t<div class=\"elementor-widget-container\">\n\t\t\t\t\t\t\t<div class=\"elementor-spacer\">\n\t\t\t<div class=\"elementor-spacer-inner\"><\/div>\n\t\t<\/div>\n\t\t\t\t\t\t<\/div>\n\t\t\t\t<\/div>\n\t\t\t\t\t<\/div>\n\t\t<\/div>\n\t\t\t\t\t<\/div>\n\t\t<\/section>\n\t\t\t\t<section data-particle_enable=\"false\" data-particle-mobile-disabled=\"false\" class=\"elementor-section elementor-top-section elementor-element elementor-element-3e782bc6 elementor-section-boxed elementor-section-height-default elementor-section-height-default\" data-id=\"3e782bc6\" data-element_type=\"section\" data-e-type=\"section\">\n\t\t\t\t\t\t<div class=\"elementor-container elementor-column-gap-default\">\n\t\t\t\t\t<div class=\"elementor-column elementor-col-100 elementor-top-column elementor-element elementor-element-4a61dab7\" data-id=\"4a61dab7\" data-element_type=\"column\" data-e-type=\"column\">\n\t\t\t<div class=\"elementor-widget-wrap elementor-element-populated\">\n\t\t\t\t\t\t<div class=\"elementor-element elementor-element-1f808035 elementor-widget elementor-widget-image-carousel\" data-id=\"1f808035\" data-element_type=\"widget\" data-e-type=\"widget\" data-settings=\"{&quot;navigation&quot;:&quot;none&quot;,&quot;autoplay_speed&quot;:3000,&quot;image_spacing_custom&quot;:{&quot;unit&quot;:&quot;px&quot;,&quot;size&quot;:19,&quot;sizes&quot;:[]},&quot;autoplay&quot;:&quot;yes&quot;,&quot;pause_on_hover&quot;:&quot;yes&quot;,&quot;pause_on_interaction&quot;:&quot;yes&quot;,&quot;infinite&quot;:&quot;yes&quot;,&quot;speed&quot;:500,&quot;image_spacing_custom_tablet&quot;:{&quot;unit&quot;:&quot;px&quot;,&quot;size&quot;:&quot;&quot;,&quot;sizes&quot;:[]},&quot;image_spacing_custom_mobile&quot;:{&quot;unit&quot;:&quot;px&quot;,&quot;size&quot;:&quot;&quot;,&quot;sizes&quot;:[]}}\" data-widget_type=\"image-carousel.default\">\n\t\t\t\t<div class=\"elementor-widget-container\">\n\t\t\t\t\t\t\t<div class=\"elementor-image-carousel-wrapper swiper\" role=\"region\" aria-roledescription=\"carousel\" aria-label=\"Image Carousel\" dir=\"ltr\">\n\t\t\t<div class=\"elementor-image-carousel swiper-wrapper\" aria-live=\"off\">\n\t\t\t\t\t\t\t\t<div class=\"swiper-slide\" role=\"group\" aria-roledescription=\"slide\" aria-label=\"1 of 6\"><a data-elementor-open-lightbox=\"yes\" data-elementor-lightbox-slideshow=\"1f808035\" data-elementor-lightbox-title=\"mision\" data-e-action-hash=\"#elementor-action%3Aaction%3Dlightbox%26settings%3DeyJpZCI6MTAwOSwidXJsIjoiaHR0cHM6XC9cL3NpZXJyYXN1bmdyb3VwLmNvbVwvd3AtY29udGVudFwvdXBsb2Fkc1wvMjAyMlwvMDNcL21pc2lvbi5wbmciLCJzbGlkZXNob3ciOiIxZjgwODAzNSJ9\" href=\"https:\/\/sierrasungroup.com\/en\/mision-y-vision,https:\/\/sierrasungroup.com\/nuestros-valores-2,https:\/\/sierrasungroup.com\/somos-recios,https:\/\/sierrasungroup.com\/unidad-antapite,https:\/\/sierrasungroup.com\/unidad-sumaq-rumi,https:\/\/sierrasungroup.com\/unidad-sierra-dore\/\"><figure class=\"swiper-slide-inner\"><img decoding=\"async\" class=\"swiper-slide-image\" src=\"https:\/\/sierrasungroup.com\/wp-content\/uploads\/2022\/08\/Proposito-Mision-y-Vision.png\" alt=\"mision\" \/><\/figure><\/a><\/div><div class=\"swiper-slide\" role=\"group\" aria-roledescription=\"slide\" aria-label=\"2 of 6\"><a data-elementor-open-lightbox=\"yes\" data-elementor-lightbox-slideshow=\"1f808035\" data-elementor-lightbox-title=\"valores\" data-e-action-hash=\"#elementor-action%3Aaction%3Dlightbox%26settings%3DeyJpZCI6MTAxMCwidXJsIjoiaHR0cHM6XC9cL3NpZXJyYXN1bmdyb3VwLmNvbVwvd3AtY29udGVudFwvdXBsb2Fkc1wvMjAyMlwvMDNcL3ZhbG9yZXMucG5nIiwic2xpZGVzaG93IjoiMWY4MDgwMzUifQ%3D%3D\" href=\"https:\/\/sierrasungroup.com\/en\/mision-y-vision,https:\/\/sierrasungroup.com\/nuestros-valores-2,https:\/\/sierrasungroup.com\/somos-recios,https:\/\/sierrasungroup.com\/unidad-antapite,https:\/\/sierrasungroup.com\/unidad-sumaq-rumi,https:\/\/sierrasungroup.com\/unidad-sierra-dore\/\"><figure class=\"swiper-slide-inner\"><img decoding=\"async\" class=\"swiper-slide-image\" src=\"https:\/\/sierrasungroup.com\/wp-content\/uploads\/2022\/08\/Nuestros-Valores.png\" alt=\"valores\" \/><\/figure><\/a><\/div><div class=\"swiper-slide\" role=\"group\" aria-roledescription=\"slide\" aria-label=\"3 of 6\"><a data-elementor-open-lightbox=\"yes\" data-elementor-lightbox-slideshow=\"1f808035\" data-elementor-lightbox-title=\"recios\" data-e-action-hash=\"#elementor-action%3Aaction%3Dlightbox%26settings%3DeyJpZCI6MTAxMSwidXJsIjoiaHR0cHM6XC9cL3NpZXJyYXN1bmdyb3VwLmNvbVwvd3AtY29udGVudFwvdXBsb2Fkc1wvMjAyMlwvMDNcL3JlY2lvcy5wbmciLCJzbGlkZXNob3ciOiIxZjgwODAzNSJ9\" href=\"https:\/\/sierrasungroup.com\/en\/mision-y-vision,https:\/\/sierrasungroup.com\/nuestros-valores-2,https:\/\/sierrasungroup.com\/somos-recios,https:\/\/sierrasungroup.com\/unidad-antapite,https:\/\/sierrasungroup.com\/unidad-sumaq-rumi,https:\/\/sierrasungroup.com\/unidad-sierra-dore\/\"><figure class=\"swiper-slide-inner\"><img decoding=\"async\" class=\"swiper-slide-image\" src=\"https:\/\/sierrasungroup.com\/wp-content\/uploads\/2022\/08\/\u00bfPor-que-somos-Recios_.png\" alt=\"recios\" \/><\/figure><\/a><\/div><div class=\"swiper-slide\" role=\"group\" aria-roledescription=\"slide\" aria-label=\"4 of 6\"><a data-elementor-open-lightbox=\"yes\" data-elementor-lightbox-slideshow=\"1f808035\" data-elementor-lightbox-title=\"numero 4\" data-e-action-hash=\"#elementor-action%3Aaction%3Dlightbox%26settings%3DeyJpZCI6MTAxMiwidXJsIjoiaHR0cHM6XC9cL3NpZXJyYXN1bmdyb3VwLmNvbVwvd3AtY29udGVudFwvdXBsb2Fkc1wvMjAyMlwvMDNcL251bWVyby00LnBuZyIsInNsaWRlc2hvdyI6IjFmODA4MDM1In0%3D\" href=\"https:\/\/sierrasungroup.com\/en\/mision-y-vision,https:\/\/sierrasungroup.com\/nuestros-valores-2,https:\/\/sierrasungroup.com\/somos-recios,https:\/\/sierrasungroup.com\/unidad-antapite,https:\/\/sierrasungroup.com\/unidad-sumaq-rumi,https:\/\/sierrasungroup.com\/unidad-sierra-dore\/\"><figure class=\"swiper-slide-inner\"><img decoding=\"async\" class=\"swiper-slide-image\" src=\"https:\/\/sierrasungroup.com\/wp-content\/uploads\/2022\/08\/Unidad-Antapite.png\" alt=\"numero 4\" \/><\/figure><\/a><\/div><div class=\"swiper-slide\" role=\"group\" aria-roledescription=\"slide\" aria-label=\"5 of 6\"><a data-elementor-open-lightbox=\"yes\" data-elementor-lightbox-slideshow=\"1f808035\" data-elementor-lightbox-title=\"Unidad Sierra Sumaq\" data-e-action-hash=\"#elementor-action%3Aaction%3Dlightbox%26settings%3DeyJpZCI6MTY5NywidXJsIjoiaHR0cHM6XC9cL3NpZXJyYXN1bmdyb3VwLmNvbVwvd3AtY29udGVudFwvdXBsb2Fkc1wvMjAyMlwvMDRcL1VuaWRhZC1TaWVycmEtU3VtYXEucG5nIiwic2xpZGVzaG93IjoiMWY4MDgwMzUifQ%3D%3D\" href=\"https:\/\/sierrasungroup.com\/en\/mision-y-vision,https:\/\/sierrasungroup.com\/nuestros-valores-2,https:\/\/sierrasungroup.com\/somos-recios,https:\/\/sierrasungroup.com\/unidad-antapite,https:\/\/sierrasungroup.com\/unidad-sumaq-rumi,https:\/\/sierrasungroup.com\/unidad-sierra-dore\/\"><figure class=\"swiper-slide-inner\"><img decoding=\"async\" class=\"swiper-slide-image\" src=\"https:\/\/sierrasungroup.com\/wp-content\/uploads\/2022\/08\/Sierra-Sumaq-Rumi.png\" alt=\"Unidad Sierra Sumaq\" \/><\/figure><\/a><\/div><div class=\"swiper-slide\" role=\"group\" aria-roledescription=\"slide\" aria-label=\"6 of 6\"><a data-elementor-open-lightbox=\"yes\" data-elementor-lightbox-slideshow=\"1f808035\" data-elementor-lightbox-title=\"numero 6\" data-e-action-hash=\"#elementor-action%3Aaction%3Dlightbox%26settings%3DeyJpZCI6MTAxNCwidXJsIjoiaHR0cHM6XC9cL3NpZXJyYXN1bmdyb3VwLmNvbVwvd3AtY29udGVudFwvdXBsb2Fkc1wvMjAyMlwvMDNcL251bWVyby02LnBuZyIsInNsaWRlc2hvdyI6IjFmODA4MDM1In0%3D\" href=\"https:\/\/sierrasungroup.com\/en\/mision-y-vision,https:\/\/sierrasungroup.com\/nuestros-valores-2,https:\/\/sierrasungroup.com\/somos-recios,https:\/\/sierrasungroup.com\/unidad-antapite,https:\/\/sierrasungroup.com\/unidad-sumaq-rumi,https:\/\/sierrasungroup.com\/unidad-sierra-dore\/\"><figure class=\"swiper-slide-inner\"><img decoding=\"async\" class=\"swiper-slide-image\" src=\"https:\/\/sierrasungroup.com\/wp-content\/uploads\/2022\/08\/Proyecto-Dore.png\" alt=\"numero 6\" \/><\/figure><\/a><\/div>\t\t\t<\/div>\n\t\t\t\t\t\t\t\n\t\t\t\t\t\t\t\t\t<\/div>\n\t\t\t\t\t\t<\/div>\n\t\t\t\t<\/div>\n\t\t\t\t\t<\/div>\n\t\t<\/div>\n\t\t\t\t\t<\/div>\n\t\t<\/section>\n\t\t\t\t<\/div>","protected":false},"excerpt":{"rendered":"<p>CERTIFICACION BAJO EL C\u00d3DIGO INTERNACIONAL DE GESTI\u00d3N DEL CIANURO \u2013 SIERRA ANTAPITE Nuestra UM Sierra Antapite\u00a0ha sido certificada en total cumplimiento con el C\u00f3digo Internacional de Gesti\u00f3n de Cianuro por el Instituto Internacional de Gesti\u00f3n del Cianuro (ICMI) que lo cual significa que esta organizaci\u00f3n ha recibido y aceptado el informe detallado de hallazgos de [&hellip;]<\/p>\n","protected":false},"author":1,"featured_media":0,"parent":0,"menu_order":0,"comment_status":"closed","ping_status":"closed","template":"","meta":{"site-sidebar-layout":"no-sidebar","site-content-layout":"page-builder","ast-site-content-layout":"full-width-container","site-content-style":"unboxed","site-sidebar-style":"unboxed","ast-global-header-display":"","ast-banner-title-visibility":"","ast-main-header-display":"","ast-hfb-above-header-display":"","ast-hfb-below-header-display":"","ast-hfb-mobile-header-display":"","site-post-title":"disabled","ast-breadcrumbs-content":"","ast-featured-img":"disabled","footer-sml-layout":"","ast-disable-related-posts":"","theme-transparent-header-meta":"","adv-header-id-meta":"","stick-header-meta":"","header-above-stick-meta":"","header-main-stick-meta":"","header-below-stick-meta":"","astra-migrate-meta-layouts":"set","ast-page-background-enabled":"default","ast-page-background-meta":{"desktop":{"background-color":"var(--ast-global-color-4)","background-image":"","background-repeat":"repeat","background-position":"center center","background-size":"auto","background-attachment":"scroll","background-type":"","background-media":"","overlay-type":"","overlay-color":"","overlay-opacity":"","overlay-gradient":""},"tablet":{"background-color":"","background-image":"","background-repeat":"repeat","background-position":"center center","background-size":"auto","background-attachment":"scroll","background-type":"","background-media":"","overlay-type":"","overlay-color":"","overlay-opacity":"","overlay-gradient":""},"mobile":{"background-color":"","background-image":"","background-repeat":"repeat","background-position":"center center","background-size":"auto","background-attachment":"scroll","background-type":"","background-media":"","overlay-type":"","overlay-color":"","overlay-opacity":"","overlay-gradient":""}},"ast-content-background-meta":{"desktop":{"background-color":"var(--ast-global-color-5)","background-image":"","background-repeat":"repeat","background-position":"center center","background-size":"auto","background-attachment":"scroll","background-type":"","background-media":"","overlay-type":"","overlay-color":"","overlay-opacity":"","overlay-gradient":""},"tablet":{"background-color":"var(--ast-global-color-5)","background-image":"","background-repeat":"repeat","background-position":"center center","background-size":"auto","background-attachment":"scroll","background-type":"","background-media":"","overlay-type":"","overlay-color":"","overlay-opacity":"","overlay-gradient":""},"mobile":{"background-color":"var(--ast-global-color-5)","background-image":"","background-repeat":"repeat","background-position":"center center","background-size":"auto","background-attachment":"scroll","background-type":"","background-media":"","overlay-type":"","overlay-color":"","overlay-opacity":"","overlay-gradient":""}},"footnotes":""},"class_list":["post-2808","page","type-page","status-publish","hentry"],"_links":{"self":[{"href":"https:\/\/sierrasungroup.com\/en\/wp-json\/wp\/v2\/pages\/2808","targetHints":{"allow":["GET"]}}],"collection":[{"href":"https:\/\/sierrasungroup.com\/en\/wp-json\/wp\/v2\/pages"}],"about":[{"href":"https:\/\/sierrasungroup.com\/en\/wp-json\/wp\/v2\/types\/page"}],"author":[{"embeddable":true,"href":"https:\/\/sierrasungroup.com\/en\/wp-json\/wp\/v2\/users\/1"}],"replies":[{"embeddable":true,"href":"https:\/\/sierrasungroup.com\/en\/wp-json\/wp\/v2\/comments?post=2808"}],"version-history":[{"count":10,"href":"https:\/\/sierrasungroup.com\/en\/wp-json\/wp\/v2\/pages\/2808\/revisions"}],"predecessor-version":[{"id":2822,"href":"https:\/\/sierrasungroup.com\/en\/wp-json\/wp\/v2\/pages\/2808\/revisions\/2822"}],"wp:attachment":[{"href":"https:\/\/sierrasungroup.com\/en\/wp-json\/wp\/v2\/media?parent=2808"}],"curies":[{"name":"wp","href":"https:\/\/api.w.org\/{rel}","templated":true}]}}